{"id":3583,"date":"2015-05-29T11:02:20","date_gmt":"2015-05-29T09:02:20","guid":{"rendered":"https:\/\/www.oliorivieraligure.it\/?page_id=3583"},"modified":"2015-05-29T11:02:20","modified_gmt":"2015-05-29T09:02:20","slug":"informativa-cookies","status":"publish","type":"page","link":"https:\/\/www.oliorivieraligure.it\/en\/informativa-cookies\/","title":{"rendered":"Informativa Cookies"},"content":{"rendered":"<p class=\"qtranxs-available-languages-message qtranxs-available-languages-message-en\">Sorry, this entry is only available in <a href=\"https:\/\/www.oliorivieraligure.it\/it\/wp-json\/wp\/v2\/pages\/3583\" class=\"qtranxs-available-language-link qtranxs-available-language-link-it\" title=\"Italiano\">Italiano<\/a>. For the sake of viewer convenience, the content is shown below in the alternative language. You may click the link to switch the active language.<\/p><p>QUESTO DOCUMENTO E&#8217; RELATIVO AL SITO DA CUI E&#8217; STATO RAGGIUNTO TRAMITE CLICK SU LINK &#8220;MAGGIORI INFORMAZIONI&#8221;<br \/>\nQuesto sito fa uso di cookie per migliorare l&#8217;esperienza di navigazione degli utenti e per raccogliere informazioni sull&#8217;utilizzo del sito stesso. Utilizziamo sia cookie tecnici sia cookie di parti terze per inviare messaggi promozionali sulla base dei comportamenti degli utenti. Proseguendo nella navigazione si accetta l&#8217;uso dei cookie; in caso contrario \u00e8 possibile abbandonare il sito.<br \/>\nUn cookie \u00e8 una piccola quantit\u00e0 di dati inviati al tuo browser da un server web e che vengono successivamente memorizzati sul disco fisso del tuo computer. Il cookie viene poi riletto e riconosciuto dal sito web che lo ha inviato ogni qualvolta effettui una connessione successiva. Come parte dei servizi personalizzati per i suoi utenti, il nostro sito utilizza dei cookie per memorizzare e talvolta tenere traccia di alcuni dei dati personali forniti dagli utenti stessi.<br \/>\nTi ricordiamo che il browser \u00e8 quel software che ti permette di navigare velocemente nella Rete tramite la visualizzazione e il trasferimento delle informazioni sul disco fisso del tuo computer. Se le preferenze del tuo browser sono impostate in modo da accettare i cookie, qualsiasi sito web pu\u00f2 inviare i suoi cookie al tuo browser, ma \u2013 al fine di proteggere la tua privacy \u2013 pu\u00f2 rilevare solo ed esclusivamente quelli inviati dal sito stesso, e non quelli invece inviati al tuo browser da altri siti. Puoi accettare i cookies e proseguire, oppure puoi configurare i singoli cookies nel tuo browser.<br \/>\nL&#8217;accesso al sito \u00e8 completamente gratuito ma comporta l&#8217;accettazione delle seguenti condizioni d&#8217;uso. Siete pregati di leggerle attentamente poich\u00e9 il solo fatto di proseguire nell&#8217;utilizzo o consultazione del sito costituisce completa accettazione delle condizioni stesse da parte di ogni visitatore o utente.<br \/>\nSe non esplicitamente indicato sul sito tramite apposito link a pagina dedicata, in riferimento al trattamento dei dati personali dell&#8217;utente (art. 13 del d.lgs. n. 196\/2003 &#8211; Codice in materia di protezione dei dati personali), si informa che:<br \/>\nIl Titolare del trattamento dei dati (d&#8217;ora in poi semplicemente &#8220;Titolare&#8221;) e&#8217; da intendersi l&#8217;intestatario della partita IVA indicata sul sito, o in sua assenza l&#8217;admin-C del dominio.<br \/>\nA seguito della consultazione del sito da parte dell&#8217;utente, il Titolare viene in possesso di dati inerenti la navigazione che non possono venir associati all&#8217;individuo a meno di indagini giuridiche.<br \/>\nA seguito dell&#8217;esplicito e volontario invio da parte dell&#8217;utente di dati personali tramite i form di contatto o tramite contatto mail, il Titolare viene in possesso di dati personali e identificativi, i quali verranno trattati e conservati al solo fine della risposta alla richiesta dell&#8217;utente.<br \/>\nI dati personali, di qualunque tipo e provenienza, non saranno diffusi ne&#8217; ceduti a terzi al di fuori dell&#8217;ambito del sito e potranno venir cancellati totalmente su esplicita richiesta da inviare all&#8217;admin-C del dominio.<br \/>\nIl Titolare non \u00e8 responsabile dell&#8217;uso delle informazioni presenti nel sito. In nessun caso il Titolare sar\u00e0 responsabile di ogni diretto o indiretto danno che possa risultare dall&#8217;uso, o dalla incapacit\u00e0 di usare, le informazioni presenti all&#8217;interno del sito.<br \/>\nNessun trattamento di dati personali viene svolto sulla base degli accessi alle pagine di questo sito web. Le e-mail ricevute saranno invece archiviate su computer o servizi di posta di terze parti, il mittente ha la possibilit\u00e0 di esercitare tutti i diritti previsti dal Decreto legislativo 30.6. 2003 n. 196, ed in particolare di conoscere quali suoi dati sono presenti nell&#8217;archivio e di ottenerne la variazione o la cancellazione. I dati sensibili degli utenti non saranno comunque condivisi con altre societ\u00e0, ne pubblicati o ceduti a terzi, senza esplicita autorizzazione degli interessati. L&#8217;iscrizione a una newsletter costituisce esplicito consenso all&#8217;utilizzo dei propri dati personali per l&#8217;invio di informazioni commerciali da parte del Titolare.<\/p>","protected":false},"excerpt":{"rendered":"<p>Sorry, this entry is only available in Italiano. For the sake of viewer convenience, the content is shown below in the alternative language. You may click the link to switch the active language.QUESTO DOCUMENTO E&#8217; RELATIVO AL SITO DA CUI E&#8217; STATO RAGGIUNTO TRAMITE CLICK SU LINK &#8220;MAGGIORI INFORMAZIONI&#8221; Questo sito fa uso di cookie [&hellip;]<\/p>\n","protected":false},"author":12,"featured_media":0,"parent":0,"menu_order":0,"comment_status":"closed","ping_status":"closed","template":"","meta":{"_genesis_hide_title":false,"_genesis_hide_breadcrumbs":false,"_genesis_hide_singular_image":false,"_genesis_hide_footer_widgets":false,"_genesis_custom_body_class":"","_genesis_custom_post_class":"","_genesis_layout":"","jetpack_post_was_ever_published":false,"footnotes":""},"class_list":{"0":"post-3583","1":"page","2":"type-page","3":"status-publish","5":"entry"},"yoast_head":"<!-- This site is optimized with the Yoast SEO plugin v25.1 - https:\/\/yoast.com\/wordpress\/plugins\/seo\/ -->\n<title><\/title>\n<meta name=\"robots\" content=\"index, follow, max-snippet:-1, max-image-preview:large, max-video-preview:-1\" \/>\n<link rel=\"canonical\" href=\"https:\/\/www.oliorivieraligure.it\/informativa-cookies\/\" \/>\n<meta name=\"twitter:label1\" content=\"Est. reading time\" \/>\n\t<meta name=\"twitter:data1\" content=\"3 minutes\" \/>\n<script type=\"application\/ld+json\" class=\"yoast-schema-graph\">{\"@context\":\"https:\/\/schema.org\",\"@graph\":[{\"@type\":\"WebPage\",\"@id\":\"https:\/\/www.oliorivieraligure.it\/informativa-cookies\/\",\"url\":\"https:\/\/www.oliorivieraligure.it\/informativa-cookies\/\",\"name\":\"[:it]Informativa Cookies[:] - Consorzio di Tutela Olio DOP Riviera Ligure\",\"isPartOf\":{\"@id\":\"https:\/\/www.oliorivieraligure.it\/#website\"},\"datePublished\":\"2015-05-29T09:02:20+00:00\",\"breadcrumb\":{\"@id\":\"https:\/\/www.oliorivieraligure.it\/informativa-cookies\/#breadcrumb\"},\"inLanguage\":\"en-US\",\"potentialAction\":[{\"@type\":\"ReadAction\",\"target\":[\"https:\/\/www.oliorivieraligure.it\/informativa-cookies\/\"]}]},{\"@type\":\"BreadcrumbList\",\"@id\":\"https:\/\/www.oliorivieraligure.it\/informativa-cookies\/#breadcrumb\",\"itemListElement\":[{\"@type\":\"ListItem\",\"position\":1,\"name\":\"Home\",\"item\":\"https:\/\/www.oliorivieraligure.it\/\"},{\"@type\":\"ListItem\",\"position\":2,\"name\":\"Informativa Cookies\"}]},{\"@type\":\"WebSite\",\"@id\":\"https:\/\/www.oliorivieraligure.it\/#website\",\"url\":\"https:\/\/www.oliorivieraligure.it\/\",\"name\":\"Consorzio di Tutela Olio DOP Riviera Ligure\",\"description\":\"Tutta la nostra passione da sempre. Naturalmente.\",\"publisher\":{\"@id\":\"https:\/\/www.oliorivieraligure.it\/#organization\"},\"potentialAction\":[{\"@type\":\"SearchAction\",\"target\":{\"@type\":\"EntryPoint\",\"urlTemplate\":\"https:\/\/www.oliorivieraligure.it\/?s={search_term_string}\"},\"query-input\":{\"@type\":\"PropertyValueSpecification\",\"valueRequired\":true,\"valueName\":\"search_term_string\"}}],\"inLanguage\":\"en-US\"},{\"@type\":\"Organization\",\"@id\":\"https:\/\/www.oliorivieraligure.it\/#organization\",\"name\":\"Consorzio per la Tutela dell'Olio DOP Riviera Ligure\",\"url\":\"https:\/\/www.oliorivieraligure.it\/\",\"logo\":{\"@type\":\"ImageObject\",\"inLanguage\":\"en-US\",\"@id\":\"https:\/\/www.oliorivieraligure.it\/#\/schema\/logo\/image\/\",\"url\":\"https:\/\/i2.wp.com\/www.oliorivieraligure.it\/wp-content\/uploads\/2016\/11\/logoconsorzio.jpg?fit=1040%2C520&ssl=1\",\"contentUrl\":\"https:\/\/i2.wp.com\/www.oliorivieraligure.it\/wp-content\/uploads\/2016\/11\/logoconsorzio.jpg?fit=1040%2C520&ssl=1\",\"width\":1040,\"height\":520,\"caption\":\"Consorzio per la Tutela dell'Olio DOP Riviera Ligure\"},\"image\":{\"@id\":\"https:\/\/www.oliorivieraligure.it\/#\/schema\/logo\/image\/\"}}]}<\/script>\n<!-- \/ Yoast SEO plugin. -->","yoast_head_json":{"title":"[:it]Informativa Cookies[:] - Consorzio di Tutela Olio DOP Riviera Ligure","robots":{"index":"index","follow":"follow","max-snippet":"max-snippet:-1","max-image-preview":"max-image-preview:large","max-video-preview":"max-video-preview:-1"},"canonical":"https:\/\/www.oliorivieraligure.it\/informativa-cookies\/","twitter_misc":{"Est. reading time":"3 minutes"},"schema":{"@context":"https:\/\/schema.org","@graph":[{"@type":"WebPage","@id":"https:\/\/www.oliorivieraligure.it\/informativa-cookies\/","url":"https:\/\/www.oliorivieraligure.it\/informativa-cookies\/","name":"[:it]Informativa Cookies[:] - Consorzio di Tutela Olio DOP Riviera Ligure","isPartOf":{"@id":"https:\/\/www.oliorivieraligure.it\/#website"},"datePublished":"2015-05-29T09:02:20+00:00","breadcrumb":{"@id":"https:\/\/www.oliorivieraligure.it\/informativa-cookies\/#breadcrumb"},"inLanguage":"en-US","potentialAction":[{"@type":"ReadAction","target":["https:\/\/www.oliorivieraligure.it\/informativa-cookies\/"]}]},{"@type":"BreadcrumbList","@id":"https:\/\/www.oliorivieraligure.it\/informativa-cookies\/#breadcrumb","itemListElement":[{"@type":"ListItem","position":1,"name":"Home","item":"https:\/\/www.oliorivieraligure.it\/"},{"@type":"ListItem","position":2,"name":"Informativa Cookies"}]},{"@type":"WebSite","@id":"https:\/\/www.oliorivieraligure.it\/#website","url":"https:\/\/www.oliorivieraligure.it\/","name":"Consorzio di Tutela Olio DOP Riviera Ligure","description":"Tutta la nostra passione da sempre. Naturalmente.","publisher":{"@id":"https:\/\/www.oliorivieraligure.it\/#organization"},"potentialAction":[{"@type":"SearchAction","target":{"@type":"EntryPoint","urlTemplate":"https:\/\/www.oliorivieraligure.it\/?s={search_term_string}"},"query-input":{"@type":"PropertyValueSpecification","valueRequired":true,"valueName":"search_term_string"}}],"inLanguage":"en-US"},{"@type":"Organization","@id":"https:\/\/www.oliorivieraligure.it\/#organization","name":"Consorzio per la Tutela dell'Olio DOP Riviera Ligure","url":"https:\/\/www.oliorivieraligure.it\/","logo":{"@type":"ImageObject","inLanguage":"en-US","@id":"https:\/\/www.oliorivieraligure.it\/#\/schema\/logo\/image\/","url":"https:\/\/i2.wp.com\/www.oliorivieraligure.it\/wp-content\/uploads\/2016\/11\/logoconsorzio.jpg?fit=1040%2C520&ssl=1","contentUrl":"https:\/\/i2.wp.com\/www.oliorivieraligure.it\/wp-content\/uploads\/2016\/11\/logoconsorzio.jpg?fit=1040%2C520&ssl=1","width":1040,"height":520,"caption":"Consorzio per la Tutela dell'Olio DOP Riviera Ligure"},"image":{"@id":"https:\/\/www.oliorivieraligure.it\/#\/schema\/logo\/image\/"}}]}},"jetpack_shortlink":"https:\/\/wp.me\/P1pXCP-VN","jetpack_sharing_enabled":true,"_links":{"self":[{"href":"https:\/\/www.oliorivieraligure.it\/en\/wp-json\/wp\/v2\/pages\/3583","targetHints":{"allow":["GET"]}}],"collection":[{"href":"https:\/\/www.oliorivieraligure.it\/en\/wp-json\/wp\/v2\/pages"}],"about":[{"href":"https:\/\/www.oliorivieraligure.it\/en\/wp-json\/wp\/v2\/types\/page"}],"author":[{"embeddable":true,"href":"https:\/\/www.oliorivieraligure.it\/en\/wp-json\/wp\/v2\/users\/12"}],"replies":[{"embeddable":true,"href":"https:\/\/www.oliorivieraligure.it\/en\/wp-json\/wp\/v2\/comments?post=3583"}],"version-history":[{"count":0,"href":"https:\/\/www.oliorivieraligure.it\/en\/wp-json\/wp\/v2\/pages\/3583\/revisions"}],"wp:attachment":[{"href":"https:\/\/www.oliorivieraligure.it\/en\/wp-json\/wp\/v2\/media?parent=3583"}],"curies":[{"name":"wp","href":"https:\/\/api.w.org\/{rel}","templated":true}]}}