{"id":5724,"date":"2019-03-11T14:23:20","date_gmt":"2019-03-11T13:23:20","guid":{"rendered":"https:\/\/www.oliorivieraligure.it\/?page_id=5724"},"modified":"2024-06-07T13:23:20","modified_gmt":"2024-06-07T11:23:20","slug":"olio-dop-riviera-ligure-italian-cultural-heritage","status":"publish","type":"page","link":"https:\/\/www.oliorivieraligure.it\/en\/olio-dop-riviera-ligure-italian-cultural-heritage\/","title":{"rendered":"Olio DOP Riviera Ligure ITALIAN CULTURAL HERITAGE"},"content":{"rendered":"<p class=\"qtranxs-available-languages-message qtranxs-available-languages-message-en\">Sorry, this entry is only available in <a href=\"https:\/\/www.oliorivieraligure.it\/it\/wp-json\/wp\/v2\/pages\/5724\" class=\"qtranxs-available-language-link qtranxs-available-language-link-it\" title=\"Italiano\">Italiano<\/a>. For the sake of viewer convenience, the content is shown below in the alternative language. You may click the link to switch the active language.<\/p><p><strong>L\u2019olio DOP Riviera Ligure e il suo paesaggio terrazzato si raccontano nel Parlamento Europeo a Bruxelles.<\/strong><\/p>\n<p>L&#8217;Olio Dop Riviera Ligure, a braccetto con i\u00a0muri\u00a0a secco della nostra regione, conquista il Parlamento Europeo. Entrando a far parte dei 24 esempi simbolo in Italia del legame tra cibo e cultura\u00a0scelti tra oltre\u00a0800 DOP e IGP italiane.<\/p>\n<p>La mostra \u201cGEOGRAPHICAL INDICATIONS &#8211; ITALIAN CULTURAL HERITAGE\u201d, che si svolge a Bruxelles dall&#8217;1 al 4 aprile, rappresenter\u00e0 un percorso di conoscenza del patrimonio culturale italiano ( beni artistici e architettonici, opere letterarie, personalit\u00e0 illustri e molto altro ) legato alle Indicazioni Geografiche, realizzata dalla Fondazione Qualivita in collaborazione con Treccani, Aicig e Federdoc<br \/>\nE l&#8217;olio Dop\u00a0Riviera\u00a0ligure e i muri a secco rappresenteranno uno dei 24 casi emblematici selezionati nell\u2019ambito dell\u2019iniziativa Treccani Gusto &#8211; un progetto di ricerca realizzato nel 2018 in collaborazione con l\u2019Istituto dell\u2019Enciclopedia Treccani &#8211; per testimoniare come i prodotti a denominazione di origine siano da secoli elemento centrale nell\u2019identit\u00e0 nazionale. Confermando l&#8217;Italia come il paese che presenta il maggior numero di prodotti a denominazione di origine ovvero DOP\/DOC e IGP<br \/>\n&#8220;L\u2019olio extravergine di oliva DOP Riviera Ligure \u00e8 stato prescelto con un evidente riconoscimento alla qualit\u00e0 del prodotto nelle diverse menzioni geografiche e un riferimento all\u2019eccezionalit\u00e0 di uno spazio agricolo che \u00e8 stato realmente creato dall\u2019uomo con un terrazzamento massivo di pendii scoscesi &#8211; sottolinea il presidente del Consorzio di Tutela dell&#8217;Olio Dop Riviera Ligure, Carlo Siffredi &#8211; . Per questo \u00e8 importante il riferimento alla pratica della costruzione del muro a secco, una sapienza costruttiva ormai patrimonio immateriale dell\u2019Umanit\u00e0 con una risoluzione dell\u2019UNESCO, che rappresenta appieno la fatica e l\u2019orgoglio delle nostre aziende&#8221;.<\/p>\n<p>L\u2019immagine principale del pannello relativo all\u2019olio DOP Riviera Ligure \u00e8 un connubio di pietre e alberi di olivo, in perfetta simbiosi. Un pannello che disporr\u00e0 anche di un qr code che, inquadrato, rimander\u00e0 al sito internet del Consorzio di Tutela (<a href=\"https:\/\/www.oliorivieraligure.it\">www.oliorivieraligure.it<\/a>) per tutti i possibili approfondimenti.<br \/>\nL&#8217;Olio Dop Riviera Ligure avr\u00e0 come &#8220;compagni di viaggio&#8221; a Bruxelles DOP e IGP che hanno fatto la storia enogastronomica dell&#8217;Italia: dal Grano Padano al Prosciutto di Parma, dal Brunello di Montalcino al Passito di Pantelleria, dalla mozzarella di bufala campana al pecorino toscano.<br \/>\nCulture del cibo mai statiche e costantemente rinnovate e corredate di nuovi valori simbolici anche grazie al costante lavoro dei Consorzi di tutela e delle imprese nella valorizzazione dei prodotti e nell\u2019opera di radicamento con il contesto di origine.<br \/>\nLa mostra si inserisce nel progetto Qualicultura, \u00a0che nasce dall\u2019esigenza di far emergere come negli anni le eccellenze agricole e agroalimentari tutelate dai marchi di qualit\u00e0 europei DOP, IGP e STG, si siano poste al centro dell\u2019interesse collettivo. E non pi\u00f9 solo come un\u2019enorme risorsa economica capace di essere fattore di sviluppo dei territori, ma anche come una straordinaria occasione di rendere fruibile a tutti un\u2019importantissima eredit\u00e0 culturale.<\/p>\n<p>Un&#8217;eredit\u00e0, quella dell&#8217;Olio DOP Riviera Ligure, che per quattro giorni ad aprile si imporr\u00e0 all&#8217;attenzione del Parlamento Europeo.<\/p>\n<p><a href=\"https:\/\/www.oliorivieraligure.it\/wp-content\/uploads\/2019\/03\/OLIO-RIVIERA-LIGURE-DOP-HQ-1.jpg\">Scarica il pannello Italian Cultural Heritage<\/a><\/p>\n<p><a href=\"https:\/\/www.oliorivieraligure.it\/wp-content\/uploads\/2019\/03\/SPIEGAZIONE-P\">Scarica il pannello del percorso generale<\/a><\/p>\n<p><a href=\"https:\/\/www.oliorivieraligure.it\/wp-content\/uploads\/2019\/03\/Brochure-BRUXELLES-ITA-1.pdf\">Scarica la brochure in italiano<\/a><\/p>\n<p><a href=\"https:\/\/www.oliorivieraligure.it\/wp-content\/uploads\/2019\/03\/Brochure-BRUXELLES-ENG-1.pdf\">Download the english booklet\u00a0<\/a><\/p>","protected":false},"excerpt":{"rendered":"<p>Sorry, this entry is only available in Italiano. For the sake of viewer convenience, the content is shown below in the alternative language. You may click the link to switch the active language.L\u2019olio DOP Riviera Ligure e il suo paesaggio terrazzato si raccontano nel Parlamento Europeo a Bruxelles. L&#8217;Olio Dop Riviera Ligure, a braccetto con [&hellip;]<\/p>\n","protected":false},"author":12,"featured_media":0,"parent":0,"menu_order":0,"comment_status":"closed","ping_status":"closed","template":"","meta":{"_genesis_hide_title":false,"_genesis_hide_breadcrumbs":false,"_genesis_hide_singular_image":false,"_genesis_hide_footer_widgets":false,"_genesis_custom_body_class":"","_genesis_custom_post_class":"","_genesis_layout":"","jetpack_post_was_ever_published":false,"footnotes":""},"class_list":{"0":"post-5724","1":"page","2":"type-page","3":"status-publish","5":"entry","6":"has-post-thumbnail"},"yoast_head":"<!-- This site is optimized with the Yoast SEO plugin v25.1 - https:\/\/yoast.com\/wordpress\/plugins\/seo\/ -->\n<title><\/title>\n<meta name=\"description\" content=\"olio DOP Riviera Ligure parlamento europeo Bruxelles muri a secco Unesco Qualivita Federdoc Aicig percorso conoscenza patrimonio dell&#039;Umanit\u00e0\" \/>\n<meta name=\"robots\" content=\"index, follow, max-snippet:-1, max-image-preview:large, max-video-preview:-1\" \/>\n<link rel=\"canonical\" href=\"https:\/\/www.oliorivieraligure.it\/olio-dop-riviera-ligure-italian-cultural-heritage\/\" \/>\n<meta name=\"twitter:label1\" content=\"Est. reading time\" \/>\n\t<meta name=\"twitter:data1\" content=\"3 minutes\" \/>\n<script type=\"application\/ld+json\" class=\"yoast-schema-graph\">{\"@context\":\"https:\/\/schema.org\",\"@graph\":[{\"@type\":\"WebPage\",\"@id\":\"https:\/\/www.oliorivieraligure.it\/olio-dop-riviera-ligure-italian-cultural-heritage\/\",\"url\":\"https:\/\/www.oliorivieraligure.it\/olio-dop-riviera-ligure-italian-cultural-heritage\/\",\"name\":\"[:it]Olio DOP Riviera Ligure ITALIAN CULTURAL HERITAGE[:] - Consorzio di Tutela Olio DOP Riviera Ligure\",\"isPartOf\":{\"@id\":\"https:\/\/www.oliorivieraligure.it\/#website\"},\"datePublished\":\"2019-03-11T13:23:20+00:00\",\"dateModified\":\"2024-06-07T11:23:20+00:00\",\"description\":\"olio DOP Riviera Ligure parlamento europeo Bruxelles muri a secco Unesco Qualivita Federdoc Aicig percorso conoscenza patrimonio dell'Umanit\u00e0\",\"breadcrumb\":{\"@id\":\"https:\/\/www.oliorivieraligure.it\/olio-dop-riviera-ligure-italian-cultural-heritage\/#breadcrumb\"},\"inLanguage\":\"en-US\",\"potentialAction\":[{\"@type\":\"ReadAction\",\"target\":[\"https:\/\/www.oliorivieraligure.it\/olio-dop-riviera-ligure-italian-cultural-heritage\/\"]}]},{\"@type\":\"BreadcrumbList\",\"@id\":\"https:\/\/www.oliorivieraligure.it\/olio-dop-riviera-ligure-italian-cultural-heritage\/#breadcrumb\",\"itemListElement\":[{\"@type\":\"ListItem\",\"position\":1,\"name\":\"Home\",\"item\":\"https:\/\/www.oliorivieraligure.it\/\"},{\"@type\":\"ListItem\",\"position\":2,\"name\":\"Olio DOP Riviera Ligure ITALIAN CULTURAL HERITAGE\"}]},{\"@type\":\"WebSite\",\"@id\":\"https:\/\/www.oliorivieraligure.it\/#website\",\"url\":\"https:\/\/www.oliorivieraligure.it\/\",\"name\":\"Consorzio di Tutela Olio DOP Riviera Ligure\",\"description\":\"Tutta la nostra passione da sempre. Naturalmente.\",\"publisher\":{\"@id\":\"https:\/\/www.oliorivieraligure.it\/#organization\"},\"potentialAction\":[{\"@type\":\"SearchAction\",\"target\":{\"@type\":\"EntryPoint\",\"urlTemplate\":\"https:\/\/www.oliorivieraligure.it\/?s={search_term_string}\"},\"query-input\":{\"@type\":\"PropertyValueSpecification\",\"valueRequired\":true,\"valueName\":\"search_term_string\"}}],\"inLanguage\":\"en-US\"},{\"@type\":\"Organization\",\"@id\":\"https:\/\/www.oliorivieraligure.it\/#organization\",\"name\":\"Consorzio per la Tutela dell'Olio DOP Riviera Ligure\",\"url\":\"https:\/\/www.oliorivieraligure.it\/\",\"logo\":{\"@type\":\"ImageObject\",\"inLanguage\":\"en-US\",\"@id\":\"https:\/\/www.oliorivieraligure.it\/#\/schema\/logo\/image\/\",\"url\":\"https:\/\/i2.wp.com\/www.oliorivieraligure.it\/wp-content\/uploads\/2016\/11\/logoconsorzio.jpg?fit=1040%2C520&ssl=1\",\"contentUrl\":\"https:\/\/i2.wp.com\/www.oliorivieraligure.it\/wp-content\/uploads\/2016\/11\/logoconsorzio.jpg?fit=1040%2C520&ssl=1\",\"width\":1040,\"height\":520,\"caption\":\"Consorzio per la Tutela dell'Olio DOP Riviera Ligure\"},\"image\":{\"@id\":\"https:\/\/www.oliorivieraligure.it\/#\/schema\/logo\/image\/\"}}]}<\/script>\n<!-- \/ Yoast SEO plugin. -->","yoast_head_json":{"title":"[:it]Olio DOP Riviera Ligure ITALIAN CULTURAL HERITAGE[:] - Consorzio di Tutela Olio DOP Riviera Ligure","description":"olio DOP Riviera Ligure parlamento europeo Bruxelles muri a secco Unesco Qualivita Federdoc Aicig percorso conoscenza patrimonio dell'Umanit\u00e0","robots":{"index":"index","follow":"follow","max-snippet":"max-snippet:-1","max-image-preview":"max-image-preview:large","max-video-preview":"max-video-preview:-1"},"canonical":"https:\/\/www.oliorivieraligure.it\/olio-dop-riviera-ligure-italian-cultural-heritage\/","twitter_misc":{"Est. reading time":"3 minutes"},"schema":{"@context":"https:\/\/schema.org","@graph":[{"@type":"WebPage","@id":"https:\/\/www.oliorivieraligure.it\/olio-dop-riviera-ligure-italian-cultural-heritage\/","url":"https:\/\/www.oliorivieraligure.it\/olio-dop-riviera-ligure-italian-cultural-heritage\/","name":"[:it]Olio DOP Riviera Ligure ITALIAN CULTURAL HERITAGE[:] - Consorzio di Tutela Olio DOP Riviera Ligure","isPartOf":{"@id":"https:\/\/www.oliorivieraligure.it\/#website"},"datePublished":"2019-03-11T13:23:20+00:00","dateModified":"2024-06-07T11:23:20+00:00","description":"olio DOP Riviera Ligure parlamento europeo Bruxelles muri a secco Unesco Qualivita Federdoc Aicig percorso conoscenza patrimonio dell'Umanit\u00e0","breadcrumb":{"@id":"https:\/\/www.oliorivieraligure.it\/olio-dop-riviera-ligure-italian-cultural-heritage\/#breadcrumb"},"inLanguage":"en-US","potentialAction":[{"@type":"ReadAction","target":["https:\/\/www.oliorivieraligure.it\/olio-dop-riviera-ligure-italian-cultural-heritage\/"]}]},{"@type":"BreadcrumbList","@id":"https:\/\/www.oliorivieraligure.it\/olio-dop-riviera-ligure-italian-cultural-heritage\/#breadcrumb","itemListElement":[{"@type":"ListItem","position":1,"name":"Home","item":"https:\/\/www.oliorivieraligure.it\/"},{"@type":"ListItem","position":2,"name":"Olio DOP Riviera Ligure ITALIAN CULTURAL HERITAGE"}]},{"@type":"WebSite","@id":"https:\/\/www.oliorivieraligure.it\/#website","url":"https:\/\/www.oliorivieraligure.it\/","name":"Consorzio di Tutela Olio DOP Riviera Ligure","description":"Tutta la nostra passione da sempre. Naturalmente.","publisher":{"@id":"https:\/\/www.oliorivieraligure.it\/#organization"},"potentialAction":[{"@type":"SearchAction","target":{"@type":"EntryPoint","urlTemplate":"https:\/\/www.oliorivieraligure.it\/?s={search_term_string}"},"query-input":{"@type":"PropertyValueSpecification","valueRequired":true,"valueName":"search_term_string"}}],"inLanguage":"en-US"},{"@type":"Organization","@id":"https:\/\/www.oliorivieraligure.it\/#organization","name":"Consorzio per la Tutela dell'Olio DOP Riviera Ligure","url":"https:\/\/www.oliorivieraligure.it\/","logo":{"@type":"ImageObject","inLanguage":"en-US","@id":"https:\/\/www.oliorivieraligure.it\/#\/schema\/logo\/image\/","url":"https:\/\/i2.wp.com\/www.oliorivieraligure.it\/wp-content\/uploads\/2016\/11\/logoconsorzio.jpg?fit=1040%2C520&ssl=1","contentUrl":"https:\/\/i2.wp.com\/www.oliorivieraligure.it\/wp-content\/uploads\/2016\/11\/logoconsorzio.jpg?fit=1040%2C520&ssl=1","width":1040,"height":520,"caption":"Consorzio per la Tutela dell'Olio DOP Riviera Ligure"},"image":{"@id":"https:\/\/www.oliorivieraligure.it\/#\/schema\/logo\/image\/"}}]}},"jetpack_shortlink":"https:\/\/wp.me\/P1pXCP-1uk","jetpack_sharing_enabled":true,"_links":{"self":[{"href":"https:\/\/www.oliorivieraligure.it\/en\/wp-json\/wp\/v2\/pages\/5724","targetHints":{"allow":["GET"]}}],"collection":[{"href":"https:\/\/www.oliorivieraligure.it\/en\/wp-json\/wp\/v2\/pages"}],"about":[{"href":"https:\/\/www.oliorivieraligure.it\/en\/wp-json\/wp\/v2\/types\/page"}],"author":[{"embeddable":true,"href":"https:\/\/www.oliorivieraligure.it\/en\/wp-json\/wp\/v2\/users\/12"}],"replies":[{"embeddable":true,"href":"https:\/\/www.oliorivieraligure.it\/en\/wp-json\/wp\/v2\/comments?post=5724"}],"version-history":[{"count":1,"href":"https:\/\/www.oliorivieraligure.it\/en\/wp-json\/wp\/v2\/pages\/5724\/revisions"}],"predecessor-version":[{"id":5725,"href":"https:\/\/www.oliorivieraligure.it\/en\/wp-json\/wp\/v2\/pages\/5724\/revisions\/5725"}],"wp:attachment":[{"href":"https:\/\/www.oliorivieraligure.it\/en\/wp-json\/wp\/v2\/media?parent=5724"}],"curies":[{"name":"wp","href":"https:\/\/api.w.org\/{rel}","templated":true}]}}