{"id":8827,"date":"2024-06-14T09:52:28","date_gmt":"2024-06-14T07:52:28","guid":{"rendered":"https:\/\/www.oliorivieraligure.it\/?page_id=8827"},"modified":"2025-02-10T15:19:37","modified_gmt":"2025-02-10T14:19:37","slug":"oleoturismo","status":"publish","type":"page","link":"https:\/\/www.oliorivieraligure.it\/en\/oleoturismo\/","title":{"rendered":"Oleoturismo"},"content":{"rendered":"<p class=\"qtranxs-available-languages-message qtranxs-available-languages-message-en\">Sorry, this entry is only available in <a href=\"https:\/\/www.oliorivieraligure.it\/it\/wp-json\/wp\/v2\/pages\/8827\" class=\"qtranxs-available-language-link qtranxs-available-language-link-it\" title=\"Italiano\">Italiano<\/a>. For the sake of viewer convenience, the content is shown below in the alternative language. You may click the link to switch the active language.<\/p><p>In questa sezione puoi trovare le offerte di Oleoturismo dei nostri consorziati.<br \/>\n&nbsp;<\/p>\n<p>&nbsp;<\/p>\n<h3>Maixei<\/h3>\n<p>Maixei \u00e8 un marchio FlorCoop (azienda leader nel settore florvivaistico) che dal 2020 ha deciso di dedicarsi alla valorizzazione e salvaguardia del nostro territorio e dei prodotti tipici liguri.<\/p>\n<p>Produciamo olio e vino con particolare attenzione alla valorizzazione del territorio.<\/p>\n<p><img data-recalc-dims=\"1\" loading=\"lazy\" decoding=\"async\" class=\"alignleft wp-image-8828 size-medium\" src=\"https:\/\/i0.wp.com\/www.oliorivieraligure.it\/wp-content\/uploads\/2024\/06\/maixei.jpg?resize=399%2C300&#038;ssl=1\" alt=\"\" width=\"399\" height=\"300\" srcset=\"https:\/\/i0.wp.com\/www.oliorivieraligure.it\/wp-content\/uploads\/2024\/06\/maixei.jpg?resize=399%2C300&amp;ssl=1 399w, https:\/\/i0.wp.com\/www.oliorivieraligure.it\/wp-content\/uploads\/2024\/06\/maixei.jpg?resize=1024%2C771&amp;ssl=1 1024w, https:\/\/i0.wp.com\/www.oliorivieraligure.it\/wp-content\/uploads\/2024\/06\/maixei.jpg?resize=768%2C578&amp;ssl=1 768w, https:\/\/i0.wp.com\/www.oliorivieraligure.it\/wp-content\/uploads\/2024\/06\/maixei.jpg?resize=1536%2C1156&amp;ssl=1 1536w, https:\/\/i0.wp.com\/www.oliorivieraligure.it\/wp-content\/uploads\/2024\/06\/maixei.jpg?resize=200%2C151&amp;ssl=1 200w, https:\/\/i0.wp.com\/www.oliorivieraligure.it\/wp-content\/uploads\/2024\/06\/maixei.jpg?resize=800%2C602&amp;ssl=1 800w, https:\/\/i0.wp.com\/www.oliorivieraligure.it\/wp-content\/uploads\/2024\/06\/maixei.jpg?w=1600&amp;ssl=1 1600w\" sizes=\"auto, (max-width: 399px) 100vw, 399px\" \/><\/p>\n<ul>\n<li style=\"list-style-type: none;\"><strong>Attivit\u00e0: <\/strong>Descrizione caratteristiche e qualit\u00e0 olio extravergine di oliva Riviera Ligure DOP\u00a0 e prodotti tipici liguri. Degustazione olio extravergine di oliva Riviera Ligure DOP e prodotti tipici.<\/li>\n<li style=\"list-style-type: none;\"><strong>Quando:<\/strong> 1\u00b0 e 3\u00b0 mercoled\u00ec dal mese di giugno a settembre con un minimo di 8\/10 partecipanti. (possibilit\u00e0 di organizzazione eventi anche in date differenti su richiesta)<\/li>\n<li style=\"list-style-type: none;\"><strong>Durata:<\/strong> 45minuti<\/li>\n<li style=\"list-style-type: none;\"><strong>Costo:<\/strong> 16,50 \u20ac con bottiglia olio Riviera Ligure DOP in omaggio<\/li>\n<li style=\"list-style-type: none;\"><strong>Dove:<\/strong> P.zza Padre G. Mauro 3, Dolceacqua (IM)<\/li>\n<li style=\"list-style-type: none;\"><strong>Email:<\/strong> <a href=\"mailto:frantoio@maixei.it\">frantoio@maixei.it<\/a><\/li>\n<li style=\"list-style-type: none;\"><strong>Tel:<\/strong> 392.8164883<\/li>\n<li style=\"list-style-type: none;\"><strong>Lingue:<\/strong> IT\/EN<\/li>\n<\/ul>\n<p>&nbsp;<\/p>\n<p>&nbsp;<\/p>\n<h3>Olivicoltori Sestresi<\/h3>\n<p>Olivicoltori Sestresi \u00e8 una cooperativa costituita nel 1978 che vanta ad oggi oltre 1.500 associati, \u00e8 dotata di un moderno frantoio oleario nel quale le olive, provenienti da oliveti iscritti alla D.O.P., vengono trasformate nel pregiatissimo olio evo D.O.P. Riviera Ligure Riviera di Levante. Tanta passione per mantenere viva tradizione e cura del territorio, guardando al futuro con un occhio sempre rivolto al passato.<\/p>\n<p><img data-recalc-dims=\"1\" loading=\"lazy\" decoding=\"async\" class=\"alignleft size-medium\" src=\"https:\/\/i0.wp.com\/www.oliorivieraligure.it\/wp-content\/uploads\/2025\/02\/OlivicoltoriSestresi.jpg?resize=399%2C300&#038;ssl=1\" alt=\"\" width=\"399\" height=\"300\" \/><\/p>\n<ul>\n<li style=\"list-style-type: none;\"><strong>Attivit\u00e0: <\/strong>Visita guidata al frantoio<\/li>\n<li style=\"list-style-type: none;\"><strong>Quando:<\/strong> dal luned\u00ec al sabato dalle 9.00 alle 11.00 e dal luned\u00ec al venerd\u00ec dalle 15.00 alle 17.00 (su richiesta \u00e8 possibile concordare giorni ed orari differenti)<\/li>\n<li style=\"list-style-type: none;\"><strong>Durata:<\/strong> 60-90 minuti<\/li>\n<li style=\"list-style-type: none;\"><strong>Costo:<\/strong> 10,00 \u20ac a persona, minimo 10 persone<\/li>\n<li style=\"list-style-type: none;\"><strong>Dove:<\/strong> Localit\u00e0 Ragone, 35 &#8211; Sestri Levante (Ge)<\/li>\n<li style=\"list-style-type: none;\"><strong>Email:<\/strong> <a href=\"mailto:negozio@olivicoltori.net\">negozio@olivicoltori.net<\/a><\/li>\n<li style=\"list-style-type: none;\"><strong>Tel:<\/strong> Monica 0185.44341<\/li>\n<li style=\"list-style-type: none;\"><strong>Lingue:<\/strong> IT<\/li>\n<\/ul>\n<p><\/p>","protected":false},"excerpt":{"rendered":"<p>Sorry, this entry is only available in Italiano. For the sake of viewer convenience, the content is shown below in the alternative language. You may click the link to switch the active language.In questa sezione puoi trovare le offerte di Oleoturismo dei nostri consorziati. &nbsp; &nbsp; Maixei Maixei \u00e8 un marchio FlorCoop (azienda leader nel [&hellip;]<\/p>\n","protected":false},"author":23,"featured_media":0,"parent":0,"menu_order":0,"comment_status":"closed","ping_status":"closed","template":"","meta":{"_genesis_hide_title":false,"_genesis_hide_breadcrumbs":false,"_genesis_hide_singular_image":false,"_genesis_hide_footer_widgets":false,"_genesis_custom_body_class":"","_genesis_custom_post_class":"","_genesis_layout":"","jetpack_post_was_ever_published":false,"footnotes":""},"class_list":{"0":"post-8827","1":"page","2":"type-page","3":"status-publish","5":"entry","6":"has-post-thumbnail"},"yoast_head":"<!-- This site is optimized with the Yoast SEO plugin v25.1 - https:\/\/yoast.com\/wordpress\/plugins\/seo\/ -->\n<title><\/title>\n<meta name=\"robots\" content=\"index, follow, max-snippet:-1, max-image-preview:large, max-video-preview:-1\" \/>\n<link rel=\"canonical\" href=\"https:\/\/www.oliorivieraligure.it\/oleoturismo\/\" \/>\n<meta name=\"twitter:label1\" content=\"Est. reading time\" \/>\n\t<meta name=\"twitter:data1\" content=\"2 minutes\" \/>\n<script type=\"application\/ld+json\" class=\"yoast-schema-graph\">{\"@context\":\"https:\/\/schema.org\",\"@graph\":[{\"@type\":\"WebPage\",\"@id\":\"https:\/\/www.oliorivieraligure.it\/oleoturismo\/\",\"url\":\"https:\/\/www.oliorivieraligure.it\/oleoturismo\/\",\"name\":\"[:it]Oleoturismo[:] - Consorzio di Tutela Olio DOP Riviera Ligure\",\"isPartOf\":{\"@id\":\"https:\/\/www.oliorivieraligure.it\/#website\"},\"primaryImageOfPage\":{\"@id\":\"https:\/\/www.oliorivieraligure.it\/oleoturismo\/#primaryimage\"},\"image\":{\"@id\":\"https:\/\/www.oliorivieraligure.it\/oleoturismo\/#primaryimage\"},\"thumbnailUrl\":\"https:\/\/www.oliorivieraligure.it\/wp-content\/uploads\/2024\/06\/maixei-399x300.jpg\",\"datePublished\":\"2024-06-14T07:52:28+00:00\",\"dateModified\":\"2025-02-10T14:19:37+00:00\",\"breadcrumb\":{\"@id\":\"https:\/\/www.oliorivieraligure.it\/oleoturismo\/#breadcrumb\"},\"inLanguage\":\"en-US\",\"potentialAction\":[{\"@type\":\"ReadAction\",\"target\":[\"https:\/\/www.oliorivieraligure.it\/oleoturismo\/\"]}]},{\"@type\":\"ImageObject\",\"inLanguage\":\"en-US\",\"@id\":\"https:\/\/www.oliorivieraligure.it\/oleoturismo\/#primaryimage\",\"url\":\"https:\/\/www.oliorivieraligure.it\/wp-content\/uploads\/2024\/06\/maixei-399x300.jpg\",\"contentUrl\":\"https:\/\/www.oliorivieraligure.it\/wp-content\/uploads\/2024\/06\/maixei-399x300.jpg\"},{\"@type\":\"BreadcrumbList\",\"@id\":\"https:\/\/www.oliorivieraligure.it\/oleoturismo\/#breadcrumb\",\"itemListElement\":[{\"@type\":\"ListItem\",\"position\":1,\"name\":\"Home\",\"item\":\"https:\/\/www.oliorivieraligure.it\/\"},{\"@type\":\"ListItem\",\"position\":2,\"name\":\"Oleoturismo\"}]},{\"@type\":\"WebSite\",\"@id\":\"https:\/\/www.oliorivieraligure.it\/#website\",\"url\":\"https:\/\/www.oliorivieraligure.it\/\",\"name\":\"Consorzio di Tutela Olio DOP Riviera Ligure\",\"description\":\"Tutta la nostra passione da sempre. Naturalmente.\",\"publisher\":{\"@id\":\"https:\/\/www.oliorivieraligure.it\/#organization\"},\"potentialAction\":[{\"@type\":\"SearchAction\",\"target\":{\"@type\":\"EntryPoint\",\"urlTemplate\":\"https:\/\/www.oliorivieraligure.it\/?s={search_term_string}\"},\"query-input\":{\"@type\":\"PropertyValueSpecification\",\"valueRequired\":true,\"valueName\":\"search_term_string\"}}],\"inLanguage\":\"en-US\"},{\"@type\":\"Organization\",\"@id\":\"https:\/\/www.oliorivieraligure.it\/#organization\",\"name\":\"Consorzio per la Tutela dell'Olio DOP Riviera Ligure\",\"url\":\"https:\/\/www.oliorivieraligure.it\/\",\"logo\":{\"@type\":\"ImageObject\",\"inLanguage\":\"en-US\",\"@id\":\"https:\/\/www.oliorivieraligure.it\/#\/schema\/logo\/image\/\",\"url\":\"https:\/\/i2.wp.com\/www.oliorivieraligure.it\/wp-content\/uploads\/2016\/11\/logoconsorzio.jpg?fit=1040%2C520&ssl=1\",\"contentUrl\":\"https:\/\/i2.wp.com\/www.oliorivieraligure.it\/wp-content\/uploads\/2016\/11\/logoconsorzio.jpg?fit=1040%2C520&ssl=1\",\"width\":1040,\"height\":520,\"caption\":\"Consorzio per la Tutela dell'Olio DOP Riviera Ligure\"},\"image\":{\"@id\":\"https:\/\/www.oliorivieraligure.it\/#\/schema\/logo\/image\/\"}}]}<\/script>\n<!-- \/ Yoast SEO plugin. -->","yoast_head_json":{"title":"[:it]Oleoturismo[:] - Consorzio di Tutela Olio DOP Riviera Ligure","robots":{"index":"index","follow":"follow","max-snippet":"max-snippet:-1","max-image-preview":"max-image-preview:large","max-video-preview":"max-video-preview:-1"},"canonical":"https:\/\/www.oliorivieraligure.it\/oleoturismo\/","twitter_misc":{"Est. reading time":"2 minutes"},"schema":{"@context":"https:\/\/schema.org","@graph":[{"@type":"WebPage","@id":"https:\/\/www.oliorivieraligure.it\/oleoturismo\/","url":"https:\/\/www.oliorivieraligure.it\/oleoturismo\/","name":"[:it]Oleoturismo[:] - Consorzio di Tutela Olio DOP Riviera Ligure","isPartOf":{"@id":"https:\/\/www.oliorivieraligure.it\/#website"},"primaryImageOfPage":{"@id":"https:\/\/www.oliorivieraligure.it\/oleoturismo\/#primaryimage"},"image":{"@id":"https:\/\/www.oliorivieraligure.it\/oleoturismo\/#primaryimage"},"thumbnailUrl":"https:\/\/www.oliorivieraligure.it\/wp-content\/uploads\/2024\/06\/maixei-399x300.jpg","datePublished":"2024-06-14T07:52:28+00:00","dateModified":"2025-02-10T14:19:37+00:00","breadcrumb":{"@id":"https:\/\/www.oliorivieraligure.it\/oleoturismo\/#breadcrumb"},"inLanguage":"en-US","potentialAction":[{"@type":"ReadAction","target":["https:\/\/www.oliorivieraligure.it\/oleoturismo\/"]}]},{"@type":"ImageObject","inLanguage":"en-US","@id":"https:\/\/www.oliorivieraligure.it\/oleoturismo\/#primaryimage","url":"https:\/\/www.oliorivieraligure.it\/wp-content\/uploads\/2024\/06\/maixei-399x300.jpg","contentUrl":"https:\/\/www.oliorivieraligure.it\/wp-content\/uploads\/2024\/06\/maixei-399x300.jpg"},{"@type":"BreadcrumbList","@id":"https:\/\/www.oliorivieraligure.it\/oleoturismo\/#breadcrumb","itemListElement":[{"@type":"ListItem","position":1,"name":"Home","item":"https:\/\/www.oliorivieraligure.it\/"},{"@type":"ListItem","position":2,"name":"Oleoturismo"}]},{"@type":"WebSite","@id":"https:\/\/www.oliorivieraligure.it\/#website","url":"https:\/\/www.oliorivieraligure.it\/","name":"Consorzio di Tutela Olio DOP Riviera Ligure","description":"Tutta la nostra passione da sempre. Naturalmente.","publisher":{"@id":"https:\/\/www.oliorivieraligure.it\/#organization"},"potentialAction":[{"@type":"SearchAction","target":{"@type":"EntryPoint","urlTemplate":"https:\/\/www.oliorivieraligure.it\/?s={search_term_string}"},"query-input":{"@type":"PropertyValueSpecification","valueRequired":true,"valueName":"search_term_string"}}],"inLanguage":"en-US"},{"@type":"Organization","@id":"https:\/\/www.oliorivieraligure.it\/#organization","name":"Consorzio per la Tutela dell'Olio DOP Riviera Ligure","url":"https:\/\/www.oliorivieraligure.it\/","logo":{"@type":"ImageObject","inLanguage":"en-US","@id":"https:\/\/www.oliorivieraligure.it\/#\/schema\/logo\/image\/","url":"https:\/\/i2.wp.com\/www.oliorivieraligure.it\/wp-content\/uploads\/2016\/11\/logoconsorzio.jpg?fit=1040%2C520&ssl=1","contentUrl":"https:\/\/i2.wp.com\/www.oliorivieraligure.it\/wp-content\/uploads\/2016\/11\/logoconsorzio.jpg?fit=1040%2C520&ssl=1","width":1040,"height":520,"caption":"Consorzio per la Tutela dell'Olio DOP Riviera Ligure"},"image":{"@id":"https:\/\/www.oliorivieraligure.it\/#\/schema\/logo\/image\/"}}]}},"jetpack_shortlink":"https:\/\/wp.me\/P1pXCP-2in","jetpack_sharing_enabled":true,"_links":{"self":[{"href":"https:\/\/www.oliorivieraligure.it\/en\/wp-json\/wp\/v2\/pages\/8827","targetHints":{"allow":["GET"]}}],"collection":[{"href":"https:\/\/www.oliorivieraligure.it\/en\/wp-json\/wp\/v2\/pages"}],"about":[{"href":"https:\/\/www.oliorivieraligure.it\/en\/wp-json\/wp\/v2\/types\/page"}],"author":[{"embeddable":true,"href":"https:\/\/www.oliorivieraligure.it\/en\/wp-json\/wp\/v2\/users\/23"}],"replies":[{"embeddable":true,"href":"https:\/\/www.oliorivieraligure.it\/en\/wp-json\/wp\/v2\/comments?post=8827"}],"version-history":[{"count":0,"href":"https:\/\/www.oliorivieraligure.it\/en\/wp-json\/wp\/v2\/pages\/8827\/revisions"}],"wp:attachment":[{"href":"https:\/\/www.oliorivieraligure.it\/en\/wp-json\/wp\/v2\/media?parent=8827"}],"curies":[{"name":"wp","href":"https:\/\/api.w.org\/{rel}","templated":true}]}}